{"id":33,"date":"2025-01-11T19:45:03","date_gmt":"2025-01-11T19:45:03","guid":{"rendered":"https:\/\/nardoboats.com\/contact\/"},"modified":"2025-07-31T11:41:17","modified_gmt":"2025-07-31T11:41:17","slug":"contact","status":"publish","type":"page","link":"https:\/\/nardoboats.com\/en\/contact\/","title":{"rendered":"Contact"},"content":{"rendered":"\t\t<div data-elementor-type=\"wp-page\" data-elementor-id=\"33\" class=\"elementor elementor-33\" data-elementor-post-type=\"page\">\n\t\t\t\t<div class=\"elementor-element elementor-element-bddb4ca elementor-hidden-desktop e-flex e-con-boxed e-con e-parent\" data-id=\"bddb4ca\" data-element_type=\"container\" data-e-type=\"container\">\n\t\t\t\t\t<div class=\"e-con-inner\">\n\t\t\t\t<div class=\"elementor-element elementor-element-6a73070 elementor-widget elementor-widget-text-editor\" data-id=\"6a73070\" data-element_type=\"widget\" data-e-type=\"widget\" data-widget_type=\"text-editor.default\">\n\t\t\t\t\t\t\t\t\t<div class=\"header__intro text-lg\">Kontakt<\/div>\t\t\t\t\t\t\t\t<\/div>\n\t\t\t\t\t<\/div>\n\t\t\t\t<\/div>\n\t\t<div class=\"elementor-element elementor-element-bd70735 e-flex e-con-boxed e-con e-parent\" data-id=\"bd70735\" data-element_type=\"container\" data-e-type=\"container\">\n\t\t\t\t\t<div class=\"e-con-inner\">\n\t\t\t\t<div class=\"elementor-element elementor-element-255bdb8 elementor-widget elementor-widget-text-editor\" data-id=\"255bdb8\" data-element_type=\"widget\" data-e-type=\"widget\" data-widget_type=\"text-editor.default\">\n\t\t\t\t\t\t\t\t\t<div class=\"header__intro text-lg\">Je\u015bli chcesz pozna\u0107 szczeg\u00f3\u0142y naszej oferty lub uzyska\u0107 dodatkowe informacj\u0119, wype\u0142nij poni\u017cszy formularz \u2014 skontaktujemy si\u0119 z Tob\u0105 i wsp\u00f3lnie ruszymy naprz\u00f3d.<\/div>\t\t\t\t\t\t\t\t<\/div>\n\t\t\t\t\t<\/div>\n\t\t\t\t<\/div>\n\t\t<div class=\"elementor-element elementor-element-173edd6 e-flex e-con-boxed e-con e-parent\" data-id=\"173edd6\" data-element_type=\"container\" data-e-type=\"container\">\n\t\t\t\t\t<div class=\"e-con-inner\">\n\t\t<div class=\"elementor-element elementor-element-4be943b e-con-full elementor-hidden-tablet e-flex e-con e-child\" data-id=\"4be943b\" data-element_type=\"container\" data-e-type=\"container\">\n\t\t\t\t<div class=\"elementor-element elementor-element-1970e49 elementor-widget elementor-widget-heading\" data-id=\"1970e49\" data-element_type=\"widget\" data-e-type=\"widget\" data-widget_type=\"heading.default\">\n\t\t\t\t\t<h3 class=\"elementor-heading-title elementor-size-default\">EMAIL<\/h3>\t\t\t\t<\/div>\n\t\t\t\t<div class=\"elementor-element elementor-element-920bd29 elementor-icon-list--layout-traditional elementor-list-item-link-full_width elementor-widget elementor-widget-icon-list\" data-id=\"920bd29\" data-element_type=\"widget\" data-e-type=\"widget\" data-widget_type=\"icon-list.default\">\n\t\t\t\t\t\t\t<ul class=\"elementor-icon-list-items\">\n\t\t\t\t\t\t\t<li class=\"elementor-icon-list-item\">\n\t\t\t\t\t\t\t\t\t\t\t<a href=\"mailto:info@example.com\">\n\n\t\t\t\t\t\t\t\t\t\t\t\t<span class=\"elementor-icon-list-icon\">\n\t\t\t\t\t\t\t<svg aria-hidden=\"true\" class=\"e-font-icon-svg e-fas-chevron-circle-right\" viewBox=\"0 0 512 512\" xmlns=\"http:\/\/www.w3.org\/2000\/svg\"><path d=\"M256 8c137 0 248 111 248 248S393 504 256 504 8 393 8 256 119 8 256 8zm113.9 231L234.4 103.5c-9.4-9.4-24.6-9.4-33.9 0l-17 17c-9.4 9.4-9.4 24.6 0 33.9L285.1 256 183.5 357.6c-9.4 9.4-9.4 24.6 0 33.9l17 17c9.4 9.4 24.6 9.4 33.9 0L369.9 273c9.4-9.4 9.4-24.6 0-34z\"><\/path><\/svg>\t\t\t\t\t\t<\/span>\n\t\t\t\t\t\t\t\t\t\t<span class=\"elementor-icon-list-text\">sales@nardoboats.com<\/span>\n\t\t\t\t\t\t\t\t\t\t\t<\/a>\n\t\t\t\t\t\t\t\t\t<\/li>\n\t\t\t\t\t\t<\/ul>\n\t\t\t\t\t\t<\/div>\n\t\t<div class=\"elementor-element elementor-element-c1b3c46 e-con-full elementor-hidden-mobile elementor-hidden-tablet e-flex e-con e-child\" data-id=\"c1b3c46\" data-element_type=\"container\" data-e-type=\"container\">\n\t\t\t\t<div class=\"elementor-element elementor-element-64c328e elementor-widget elementor-widget-google_maps\" data-id=\"64c328e\" data-element_type=\"widget\" data-e-type=\"widget\" data-widget_type=\"google_maps.default\">\n\t\t\t\t\t\t\t<div class=\"elementor-custom-embed\">\n\t\t\t<iframe loading=\"lazy\"\n\t\t\t\t\tsrc=\"https:\/\/maps.google.com\/maps?q=gdynia&#038;t=m&#038;z=10&#038;output=embed&#038;iwloc=near\"\n\t\t\t\t\ttitle=\"gdynia\"\n\t\t\t\t\taria-label=\"gdynia\"\n\t\t\t><\/iframe>\n\t\t<\/div>\n\t\t\t\t\t\t<\/div>\n\t\t\t\t<\/div>\n\t\t\t\t<div class=\"elementor-element elementor-element-61a0523 elementor-widget elementor-widget-heading\" data-id=\"61a0523\" data-element_type=\"widget\" data-e-type=\"widget\" data-widget_type=\"heading.default\">\n\t\t\t\t\t<h3 class=\"elementor-heading-title elementor-size-default\">NARDO BOATS Sp.z.o.o.<\/h3>\t\t\t\t<\/div>\n\t\t\t\t<div class=\"elementor-element elementor-element-97b2af3 elementor-widget elementor-widget-text-editor\" data-id=\"97b2af3\" data-element_type=\"widget\" data-e-type=\"widget\" data-widget_type=\"text-editor.default\">\n\t\t\t\t\t\t\t\t\t<p><span class=\"company-address-street\">Boles\u0142awa Krzywoustego<\/span>\u00a0<span class=\"company-address-building\">6<\/span><br \/><span class=\"company-address-postal-code\">81-035<\/span>\u00a0<span class=\"company-address-city\">Gdynia<\/span><br \/>Poland<\/p><p>+48 666183765<\/p>\t\t\t\t\t\t\t\t<\/div>\n\t\t\t\t<\/div>\n\t\t<div class=\"elementor-element elementor-element-71a2bed e-con-full e-flex e-con e-child\" data-id=\"71a2bed\" data-element_type=\"container\" data-e-type=\"container\">\n\t\t\t\t<div class=\"elementor-element elementor-element-d80a2ec elementor-widget elementor-widget-shortcode\" data-id=\"d80a2ec\" data-element_type=\"widget\" data-e-type=\"widget\" data-widget_type=\"shortcode.default\">\n\t\t\t\t\t\t\t<div class=\"elementor-shortcode\"><div class=\"wpforms-container \" id=\"wpforms-1395\"><form id=\"wpforms-form-1395\" class=\"wpforms-validate wpforms-form\" data-formid=\"1395\" method=\"post\" enctype=\"multipart\/form-data\" action=\"\/en\/wp-json\/wp\/v2\/pages\/33\" data-token=\"67aecf3b9b52989e73fc9110630b5aa2\" data-token-time=\"1776433543\"><noscript class=\"wpforms-error-noscript\">Please enable JavaScript in your browser to complete this form.<\/noscript><div class=\"wpforms-field-container\"><div id=\"wpforms-1395-field_3-container\" class=\"wpforms-field wpforms-field-name\" data-field-id=\"3\"><label class=\"wpforms-field-label wpforms-label-hide\" for=\"wpforms-1395-field_3\">Imi\u0119 i Nazwisk <span class=\"wpforms-required-label\">*<\/span><\/label><input type=\"text\" id=\"wpforms-1395-field_3\" class=\"wpforms-field-large wpforms-field-required\" name=\"wpforms[fields][3]\" placeholder=\"Imi\u0119 i Nazwisko\" required><\/div><div id=\"wpforms-1395-field_4-container\" class=\"wpforms-field wpforms-field-name\" data-field-id=\"4\"><label class=\"wpforms-field-label wpforms-label-hide\" for=\"wpforms-1395-field_4\">Telefon <span class=\"wpforms-required-label\">*<\/span><\/label><input type=\"text\" id=\"wpforms-1395-field_4\" class=\"wpforms-field-large wpforms-field-required\" name=\"wpforms[fields][4]\" placeholder=\"Telefon\" required><\/div><div id=\"wpforms-1395-field_1-container\" class=\"wpforms-field wpforms-field-email\" data-field-id=\"1\"><label class=\"wpforms-field-label wpforms-label-hide\" for=\"wpforms-1395-field_1\">Email <span class=\"wpforms-required-label\">*<\/span><\/label><input type=\"email\" id=\"wpforms-1395-field_1\" class=\"wpforms-field-large wpforms-field-required\" name=\"wpforms[fields][1]\" placeholder=\"Email\" spellcheck=\"false\" required><\/div><div id=\"wpforms-1395-field_5-container\" class=\"wpforms-field wpforms-field-textarea\" data-field-id=\"5\"><label class=\"wpforms-field-label wpforms-label-hide\" for=\"wpforms-1395-field_5\">Wiadomo\u015b\u0107<\/label><textarea id=\"wpforms-1395-field_5\" class=\"wpforms-field-medium\" name=\"wpforms[fields][5]\" placeholder=\"Wiadomo\u015b\u0107\" ><\/textarea><\/div><\/div><!-- .wpforms-field-container --><div class=\"wpforms-field wpforms-field-hp\"><label for=\"wpforms-1395-field-hp\" class=\"wpforms-field-label\">Email<\/label><input type=\"text\" name=\"wpforms[hp]\" id=\"wpforms-1395-field-hp\" class=\"wpforms-field-medium\"><\/div><div class=\"wpforms-submit-container\" ><input type=\"hidden\" name=\"wpforms[id]\" value=\"1395\"><input type=\"hidden\" name=\"page_title\" value=\"\"><input type=\"hidden\" name=\"page_url\" value=\"https:\/\/nardoboats.com\/en\/wp-json\/wp\/v2\/pages\/33\"><input type=\"hidden\" name=\"url_referer\" value=\"\"><button type=\"submit\" name=\"wpforms[submit]\" id=\"wpforms-submit-1395\" class=\"wpforms-submit\" data-alt-text=\"Wys\u0142ano\" data-submit-text=\"Wy\u015blij\" aria-live=\"assertive\" value=\"wpforms-submit\">Wy\u015blij<\/button><\/div><\/form><\/div>  <!-- .wpforms-container --><\/div>\n\t\t\t\t\t\t<\/div>\n\t\t\t\t<\/div>\n\t\t\t\t\t<\/div>\n\t\t\t\t<\/div>\n\t\t\t\t<\/div>\n\t\t","protected":false},"excerpt":{"rendered":"<p>KontaktJe\u015bli chcesz pozna\u0107 szczeg\u00f3\u0142y naszej oferty lub uzyska\u0107 dodatkowe informacj\u0119, wype\u0142nij poni\u017cszy formularz \u2014 skontaktujemy si\u0119 z Tob\u0105 i wsp\u00f3lnie ruszymy naprz\u00f3d. EMAIL sales@nardoboats.com NARDO BOATS Sp.z.o.o. Boles\u0142awa Krzywoustego\u00a0681-035\u00a0GdyniaPoland +48 666183765<\/p>","protected":false},"author":1,"featured_media":0,"parent":0,"menu_order":0,"comment_status":"closed","ping_status":"closed","template":"","meta":{"site-sidebar-layout":"no-sidebar","site-content-layout":"page-builder","ast-site-content-layout":"default","site-content-style":"default","site-sidebar-style":"default","ast-global-header-display":"","ast-banner-title-visibility":"","ast-main-header-display":"","ast-hfb-above-header-display":"","ast-hfb-below-header-display":"","ast-hfb-mobile-header-display":"","site-post-title":"disabled","ast-breadcrumbs-content":"","ast-featured-img":"","footer-sml-layout":"","ast-disable-related-posts":"","theme-transparent-header-meta":"enabled","adv-header-id-meta":"","stick-header-meta":"","header-above-stick-meta":"","header-main-stick-meta":"","header-below-stick-meta":"","astra-migrate-meta-layouts":"default","ast-page-background-enabled":"default","ast-page-background-meta":{"desktop":{"background-color":"","background-image":"","background-repeat":"repeat","background-position":"center center","background-size":"auto","background-attachment":"scroll","background-type":"","background-media":"","overlay-type":"","overlay-color":"","overlay-opacity":"","overlay-gradient":""},"tablet":{"background-color":"","background-image":"","background-repeat":"repeat","background-position":"center center","background-size":"auto","background-attachment":"scroll","background-type":"","background-media":"","overlay-type":"","overlay-color":"","overlay-opacity":"","overlay-gradient":""},"mobile":{"background-color":"","background-image":"","background-repeat":"repeat","background-position":"center center","background-size":"auto","background-attachment":"scroll","background-type":"","background-media":"","overlay-type":"","overlay-color":"","overlay-opacity":"","overlay-gradient":""}},"ast-content-background-meta":{"desktop":{"background-color":"var(--ast-global-color-5)","background-image":"","background-repeat":"repeat","background-position":"center center","background-size":"auto","background-attachment":"scroll","background-type":"","background-media":"","overlay-type":"","overlay-color":"","overlay-opacity":"","overlay-gradient":""},"tablet":{"background-color":"var(--ast-global-color-5)","background-image":"","background-repeat":"repeat","background-position":"center center","background-size":"auto","background-attachment":"scroll","background-type":"","background-media":"","overlay-type":"","overlay-color":"","overlay-opacity":"","overlay-gradient":""},"mobile":{"background-color":"var(--ast-global-color-5)","background-image":"","background-repeat":"repeat","background-position":"center center","background-size":"auto","background-attachment":"scroll","background-type":"","background-media":"","overlay-type":"","overlay-color":"","overlay-opacity":"","overlay-gradient":""}},"footnotes":""},"class_list":["post-33","page","type-page","status-publish","hentry"],"yoast_head":"<!-- This site is optimized with the Yoast SEO plugin v27.4 - https:\/\/yoast.com\/product\/yoast-seo-wordpress\/ -->\n<title>Contact - NARDO<\/title>\n<meta name=\"robots\" content=\"index, follow, max-snippet:-1, max-image-preview:large, max-video-preview:-1\" \/>\n<link rel=\"canonical\" href=\"https:\/\/nardoboats.com\/en\/contact\/\" \/>\n<meta property=\"og:locale\" content=\"en_GB\" \/>\n<meta property=\"og:type\" content=\"article\" \/>\n<meta property=\"og:title\" content=\"Contact - NARDO\" \/>\n<meta property=\"og:description\" content=\"KontaktJe\u015bli chcesz pozna\u0107 szczeg\u00f3\u0142y naszej oferty lub uzyska\u0107 dodatkowe informacj\u0119, wype\u0142nij poni\u017cszy formularz \u2014 skontaktujemy si\u0119 z Tob\u0105 i wsp\u00f3lnie ruszymy naprz\u00f3d. EMAIL sales@nardoboats.com NARDO BOATS Sp.z.o.o. Boles\u0142awa Krzywoustego\u00a0681-035\u00a0GdyniaPoland +48 666183765\" \/>\n<meta property=\"og:url\" content=\"https:\/\/nardoboats.com\/en\/contact\/\" \/>\n<meta property=\"og:site_name\" content=\"NARDO\" \/>\n<meta property=\"article:publisher\" content=\"https:\/\/www.facebook.com\/nardoboats\/\" \/>\n<meta property=\"article:modified_time\" content=\"2025-07-31T11:41:17+00:00\" \/>\n<meta name=\"twitter:card\" content=\"summary_large_image\" \/>\n<meta name=\"twitter:label1\" content=\"Estimated reading time\" \/>\n\t<meta name=\"twitter:data1\" content=\"1 minute\" \/>\n<script type=\"application\/ld+json\" class=\"yoast-schema-graph\">{\"@context\":\"https:\\\/\\\/schema.org\",\"@graph\":[{\"@type\":\"WebPage\",\"@id\":\"https:\\\/\\\/nardoboats.com\\\/contact\\\/\",\"url\":\"https:\\\/\\\/nardoboats.com\\\/contact\\\/\",\"name\":\"Contact - NARDO\",\"isPartOf\":{\"@id\":\"https:\\\/\\\/nardoboats.com\\\/#website\"},\"datePublished\":\"2025-01-11T19:45:03+00:00\",\"dateModified\":\"2025-07-31T11:41:17+00:00\",\"breadcrumb\":{\"@id\":\"https:\\\/\\\/nardoboats.com\\\/contact\\\/#breadcrumb\"},\"inLanguage\":\"en-GB\",\"potentialAction\":[{\"@type\":\"ReadAction\",\"target\":[\"https:\\\/\\\/nardoboats.com\\\/contact\\\/\"]}]},{\"@type\":\"BreadcrumbList\",\"@id\":\"https:\\\/\\\/nardoboats.com\\\/contact\\\/#breadcrumb\",\"itemListElement\":[{\"@type\":\"ListItem\",\"position\":1,\"name\":\"Home\",\"item\":\"https:\\\/\\\/nardoboats.com\\\/\"},{\"@type\":\"ListItem\",\"position\":2,\"name\":\"Contact\"}]},{\"@type\":\"WebSite\",\"@id\":\"https:\\\/\\\/nardoboats.com\\\/#website\",\"url\":\"https:\\\/\\\/nardoboats.com\\\/\",\"name\":\"NARDO BOATS\",\"description\":\"FELL THE NARDO\",\"publisher\":{\"@id\":\"https:\\\/\\\/nardoboats.com\\\/#organization\"},\"potentialAction\":[{\"@type\":\"SearchAction\",\"target\":{\"@type\":\"EntryPoint\",\"urlTemplate\":\"https:\\\/\\\/nardoboats.com\\\/?s={search_term_string}\"},\"query-input\":{\"@type\":\"PropertyValueSpecification\",\"valueRequired\":true,\"valueName\":\"search_term_string\"}}],\"inLanguage\":\"en-GB\"},{\"@type\":\"Organization\",\"@id\":\"https:\\\/\\\/nardoboats.com\\\/#organization\",\"name\":\"NARDO BOATS Sp. z o.o.\",\"url\":\"https:\\\/\\\/nardoboats.com\\\/\",\"logo\":{\"@type\":\"ImageObject\",\"inLanguage\":\"en-GB\",\"@id\":\"https:\\\/\\\/nardoboats.com\\\/#\\\/schema\\\/logo\\\/image\\\/\",\"url\":\"https:\\\/\\\/nardoboats.com\\\/wp-content\\\/uploads\\\/2025\\\/01\\\/cropped-Logo-witrynygif-1.gif\",\"contentUrl\":\"https:\\\/\\\/nardoboats.com\\\/wp-content\\\/uploads\\\/2025\\\/01\\\/cropped-Logo-witrynygif-1.gif\",\"width\":512,\"height\":512,\"caption\":\"NARDO BOATS Sp. z o.o.\"},\"image\":{\"@id\":\"https:\\\/\\\/nardoboats.com\\\/#\\\/schema\\\/logo\\\/image\\\/\"},\"sameAs\":[\"https:\\\/\\\/www.facebook.com\\\/nardoboats\\\/\",\"https:\\\/\\\/www.instagram.com\\\/nardoboats\\\/\"]}]}<\/script>\n<!-- \/ Yoast SEO plugin. -->","yoast_head_json":{"title":"Contact - NARDO","robots":{"index":"index","follow":"follow","max-snippet":"max-snippet:-1","max-image-preview":"max-image-preview:large","max-video-preview":"max-video-preview:-1"},"canonical":"https:\/\/nardoboats.com\/en\/contact\/","og_locale":"en_GB","og_type":"article","og_title":"Contact - NARDO","og_description":"KontaktJe\u015bli chcesz pozna\u0107 szczeg\u00f3\u0142y naszej oferty lub uzyska\u0107 dodatkowe informacj\u0119, wype\u0142nij poni\u017cszy formularz \u2014 skontaktujemy si\u0119 z Tob\u0105 i wsp\u00f3lnie ruszymy naprz\u00f3d. EMAIL sales@nardoboats.com NARDO BOATS Sp.z.o.o. Boles\u0142awa Krzywoustego\u00a0681-035\u00a0GdyniaPoland +48 666183765","og_url":"https:\/\/nardoboats.com\/en\/contact\/","og_site_name":"NARDO","article_publisher":"https:\/\/www.facebook.com\/nardoboats\/","article_modified_time":"2025-07-31T11:41:17+00:00","twitter_card":"summary_large_image","twitter_misc":{"Estimated reading time":"1 minute"},"schema":{"@context":"https:\/\/schema.org","@graph":[{"@type":"WebPage","@id":"https:\/\/nardoboats.com\/contact\/","url":"https:\/\/nardoboats.com\/contact\/","name":"Contact - NARDO","isPartOf":{"@id":"https:\/\/nardoboats.com\/#website"},"datePublished":"2025-01-11T19:45:03+00:00","dateModified":"2025-07-31T11:41:17+00:00","breadcrumb":{"@id":"https:\/\/nardoboats.com\/contact\/#breadcrumb"},"inLanguage":"en-GB","potentialAction":[{"@type":"ReadAction","target":["https:\/\/nardoboats.com\/contact\/"]}]},{"@type":"BreadcrumbList","@id":"https:\/\/nardoboats.com\/contact\/#breadcrumb","itemListElement":[{"@type":"ListItem","position":1,"name":"Home","item":"https:\/\/nardoboats.com\/"},{"@type":"ListItem","position":2,"name":"Contact"}]},{"@type":"WebSite","@id":"https:\/\/nardoboats.com\/#website","url":"https:\/\/nardoboats.com\/","name":"NARDO BOATS","description":"FELL THE NARDO","publisher":{"@id":"https:\/\/nardoboats.com\/#organization"},"potentialAction":[{"@type":"SearchAction","target":{"@type":"EntryPoint","urlTemplate":"https:\/\/nardoboats.com\/?s={search_term_string}"},"query-input":{"@type":"PropertyValueSpecification","valueRequired":true,"valueName":"search_term_string"}}],"inLanguage":"en-GB"},{"@type":"Organization","@id":"https:\/\/nardoboats.com\/#organization","name":"NARDO BOATS Sp. z o.o.","url":"https:\/\/nardoboats.com\/","logo":{"@type":"ImageObject","inLanguage":"en-GB","@id":"https:\/\/nardoboats.com\/#\/schema\/logo\/image\/","url":"https:\/\/nardoboats.com\/wp-content\/uploads\/2025\/01\/cropped-Logo-witrynygif-1.gif","contentUrl":"https:\/\/nardoboats.com\/wp-content\/uploads\/2025\/01\/cropped-Logo-witrynygif-1.gif","width":512,"height":512,"caption":"NARDO BOATS Sp. z o.o."},"image":{"@id":"https:\/\/nardoboats.com\/#\/schema\/logo\/image\/"},"sameAs":["https:\/\/www.facebook.com\/nardoboats\/","https:\/\/www.instagram.com\/nardoboats\/"]}]}},"_links":{"self":[{"href":"https:\/\/nardoboats.com\/en\/wp-json\/wp\/v2\/pages\/33","targetHints":{"allow":["GET"]}}],"collection":[{"href":"https:\/\/nardoboats.com\/en\/wp-json\/wp\/v2\/pages"}],"about":[{"href":"https:\/\/nardoboats.com\/en\/wp-json\/wp\/v2\/types\/page"}],"author":[{"embeddable":true,"href":"https:\/\/nardoboats.com\/en\/wp-json\/wp\/v2\/users\/1"}],"replies":[{"embeddable":true,"href":"https:\/\/nardoboats.com\/en\/wp-json\/wp\/v2\/comments?post=33"}],"version-history":[{"count":344,"href":"https:\/\/nardoboats.com\/en\/wp-json\/wp\/v2\/pages\/33\/revisions"}],"predecessor-version":[{"id":11456,"href":"https:\/\/nardoboats.com\/en\/wp-json\/wp\/v2\/pages\/33\/revisions\/11456"}],"wp:attachment":[{"href":"https:\/\/nardoboats.com\/en\/wp-json\/wp\/v2\/media?parent=33"}],"curies":[{"name":"wp","href":"https:\/\/api.w.org\/{rel}","templated":true}]}}