{"id":31,"date":"2025-01-11T19:45:03","date_gmt":"2025-01-11T19:45:03","guid":{"rendered":"https:\/\/nardoboats.com\/about\/"},"modified":"2025-07-21T09:00:54","modified_gmt":"2025-07-21T09:00:54","slug":"about-us","status":"publish","type":"page","link":"https:\/\/nardoboats.com\/en\/about-us\/","title":{"rendered":"About Us"},"content":{"rendered":"\t\t<div data-elementor-type=\"wp-page\" data-elementor-id=\"31\" class=\"elementor elementor-31\" data-elementor-post-type=\"page\">\n\t\t\t\t<div class=\"elementor-element elementor-element-a529ccb e-flex e-con-boxed e-con e-parent\" data-id=\"a529ccb\" data-element_type=\"container\" data-e-type=\"container\">\n\t\t\t\t\t<div class=\"e-con-inner\">\n\t\t<div class=\"elementor-element elementor-element-83324c1 e-con-full e-flex e-con e-child\" data-id=\"83324c1\" data-element_type=\"container\" data-e-type=\"container\">\n\t\t\t\t<div class=\"elementor-element elementor-element-7b4b65e elementor-widget elementor-widget-heading\" data-id=\"7b4b65e\" data-element_type=\"widget\" data-e-type=\"widget\" data-widget_type=\"heading.default\">\n\t\t\t\t\t<h2 class=\"elementor-heading-title elementor-size-default\">NARDO BOATS<\/h2>\t\t\t\t<\/div>\n\t\t\t\t<div class=\"elementor-element elementor-element-40a9718 elementor-widget elementor-widget-text-editor\" data-id=\"40a9718\" data-element_type=\"widget\" data-e-type=\"widget\" data-widget_type=\"text-editor.default\">\n\t\t\t\t\t\t\t\t\t<div class=\"flex-1 overflow-hidden @container\/thread\"><div class=\"h-full\"><div class=\"react-scroll-to-bottom--css-ffjox-79elbk h-full\"><div class=\"react-scroll-to-bottom--css-ffjox-1n7m0yu\"><div class=\"flex flex-col text-sm md:pb-9\"><article class=\"w-full scroll-mb-[var(--thread-trailing-height,150px)] text-token-text-primary focus-visible:outline-2 focus-visible:outline-offset-[-4px]\" dir=\"auto\" data-testid=\"conversation-turn-5\" data-scroll-anchor=\"true\"><div class=\"m-auto text-base py-[18px] px-3 md:px-4 w-full md:px-5 lg:px-4 xl:px-5\"><div class=\"mx-auto flex flex-1 gap-4 text-base md:gap-5 lg:gap-6 md:max-w-3xl\"><div class=\"group\/conversation-turn relative flex w-full min-w-0 flex-col agent-turn\"><div class=\"flex-col gap-1 md:gap-3\"><div class=\"flex max-w-full flex-col flex-grow\"><div class=\"min-h-8 text-message flex w-full flex-col items-end gap-2 whitespace-normal break-words text-start [.text-message+&amp;]:mt-5\" dir=\"auto\" data-message-author-role=\"assistant\" data-message-id=\"4e068e86-7a3d-49ed-9a63-cdc545581f33\" data-message-model-slug=\"gpt-4o-mini\"><div class=\"flex w-full flex-col gap-1 empty:hidden first:pt-[3px]\"><div class=\"markdown prose w-full break-words dark:prose-invert dark\"><p>Nasza stocznia \u0142\u0105czy \u015bwietny design z ponad dziesi\u0119cioletnim do\u015bwiadczeniem w bran\u017cy \u0142odzi motorowych. Wnosimy bogactwo do\u015bwiadczenia i g\u0142\u0119bokie zrozumienie tego, co jest potrzebne do budowy wyj\u0105tkowych \u0142odzi motorowych.<\/p><p>Podstaw\u0105 naszego podej\u015bcia jest zaanga\u017cowanie w jako\u015b\u0107 i precyzj\u0119. Ka\u017cda \u0142\u00f3d\u017a jest wykonana z najwy\u017csz\u0105 staranno\u015bci\u0105, wysokiej jako\u015bci technologi\u0105 infuzji, aby zapewni\u0107 trwa\u0142o\u015b\u0107, wydajno\u015b\u0107 oraz unikalno\u015b\u0107. Zale\u017cy nam na tym, by dostarcza\u0107 wy\u0142\u0105cznie to co najlepsze &#8211; \u0142\u0105cz\u0105c innowacyjn\u0105 in\u017cynieri\u0119 z ponadczasowym wzornictwem, aby tworzy\u0107 \u0142odzie, kt\u00f3re przekraczaj\u0105 najwy\u017csze standardy.<\/p><p>Nasz zesp\u00f3\u0142 specjalist\u00f3w jest oddany dostarczaniu \u0142odzi, kt\u00f3re s\u0105 uciele\u015bnieniem wyrafinowania i kunsztu, spe\u0142niaj\u0105c oczekiwania najbardziej wymagaj\u0105cych klient\u00f3w.<\/p><\/div><\/div><\/div><\/div><\/div><\/div><\/div><\/div><\/article><\/div><\/div><\/div><\/div><\/div>\t\t\t\t\t\t\t\t<\/div>\n\t\t\t\t<\/div>\n\t\t<div class=\"elementor-element elementor-element-c4f6020 e-con-full e-flex e-con e-child\" data-id=\"c4f6020\" data-element_type=\"container\" data-e-type=\"container\">\n\t\t\t\t<div class=\"elementor-element elementor-element-0f8d635 elementor-widget elementor-widget-image\" data-id=\"0f8d635\" data-element_type=\"widget\" data-e-type=\"widget\" data-widget_type=\"image.default\">\n\t\t\t\t\t\t\t\t\t\t\t\t\t\t\t<img fetchpriority=\"high\" decoding=\"async\" width=\"6000\" height=\"3000\" src=\"https:\/\/nardoboats.com\/wp-content\/uploads\/2025\/03\/IMG_20230701_150102.png\" class=\"attachment-full size-full wp-image-2896\" alt=\"\" srcset=\"https:\/\/nardoboats.com\/wp-content\/uploads\/2025\/03\/IMG_20230701_150102.png 6000w, https:\/\/nardoboats.com\/wp-content\/uploads\/2025\/03\/IMG_20230701_150102-300x150.png 300w, https:\/\/nardoboats.com\/wp-content\/uploads\/2025\/03\/IMG_20230701_150102-1024x512.png 1024w, https:\/\/nardoboats.com\/wp-content\/uploads\/2025\/03\/IMG_20230701_150102-768x384.png 768w, https:\/\/nardoboats.com\/wp-content\/uploads\/2025\/03\/IMG_20230701_150102-1536x768.png 1536w, https:\/\/nardoboats.com\/wp-content\/uploads\/2025\/03\/IMG_20230701_150102-2048x1024.png 2048w\" sizes=\"(max-width: 6000px) 100vw, 6000px\" \/>\t\t\t\t\t\t\t\t\t\t\t\t\t\t\t<\/div>\n\t\t\t\t<div class=\"elementor-element elementor-element-5fe168e elementor-widget elementor-widget-heading\" data-id=\"5fe168e\" data-element_type=\"widget\" data-e-type=\"widget\" data-widget_type=\"heading.default\">\n\t\t\t\t\t<h3 class=\"elementor-heading-title elementor-size-medium\">\n\nRobert &amp; Mateusz<\/h3>\t\t\t\t<\/div>\n\t\t\t\t<\/div>\n\t\t\t\t\t<\/div>\n\t\t\t\t<\/div>\n\t\t\t\t<\/div>\n\t\t","protected":false},"excerpt":{"rendered":"<p>NARDO BOATS Nasza stocznia \u0142\u0105czy \u015bwietny design z ponad dziesi\u0119cioletnim do\u015bwiadczeniem w bran\u017cy \u0142odzi motorowych. Wnosimy bogactwo do\u015bwiadczenia i g\u0142\u0119bokie zrozumienie tego, co jest potrzebne do budowy wyj\u0105tkowych \u0142odzi motorowych. Podstaw\u0105 naszego podej\u015bcia jest zaanga\u017cowanie w jako\u015b\u0107 i precyzj\u0119. Ka\u017cda \u0142\u00f3d\u017a jest wykonana z najwy\u017csz\u0105 staranno\u015bci\u0105, wysokiej jako\u015bci technologi\u0105 infuzji, aby zapewni\u0107 trwa\u0142o\u015b\u0107, wydajno\u015b\u0107 oraz [&hellip;]<\/p>\n","protected":false},"author":1,"featured_media":0,"parent":0,"menu_order":0,"comment_status":"closed","ping_status":"closed","template":"","meta":{"site-sidebar-layout":"no-sidebar","site-content-layout":"page-builder","ast-site-content-layout":"default","site-content-style":"default","site-sidebar-style":"default","ast-global-header-display":"","ast-banner-title-visibility":"","ast-main-header-display":"","ast-hfb-above-header-display":"","ast-hfb-below-header-display":"","ast-hfb-mobile-header-display":"","site-post-title":"disabled","ast-breadcrumbs-content":"","ast-featured-img":"","footer-sml-layout":"","ast-disable-related-posts":"","theme-transparent-header-meta":"enabled","adv-header-id-meta":"","stick-header-meta":"","header-above-stick-meta":"","header-main-stick-meta":"","header-below-stick-meta":"","astra-migrate-meta-layouts":"default","ast-page-background-enabled":"default","ast-page-background-meta":{"desktop":{"background-color":"","background-image":"","background-repeat":"repeat","background-position":"center center","background-size":"auto","background-attachment":"scroll","background-type":"","background-media":"","overlay-type":"","overlay-color":"","overlay-opacity":"","overlay-gradient":""},"tablet":{"background-color":"","background-image":"","background-repeat":"repeat","background-position":"center center","background-size":"auto","background-attachment":"scroll","background-type":"","background-media":"","overlay-type":"","overlay-color":"","overlay-opacity":"","overlay-gradient":""},"mobile":{"background-color":"","background-image":"","background-repeat":"repeat","background-position":"center center","background-size":"auto","background-attachment":"scroll","background-type":"","background-media":"","overlay-type":"","overlay-color":"","overlay-opacity":"","overlay-gradient":""}},"ast-content-background-meta":{"desktop":{"background-color":"var(--ast-global-color-5)","background-image":"","background-repeat":"repeat","background-position":"center center","background-size":"auto","background-attachment":"scroll","background-type":"","background-media":"","overlay-type":"","overlay-color":"","overlay-opacity":"","overlay-gradient":""},"tablet":{"background-color":"var(--ast-global-color-5)","background-image":"","background-repeat":"repeat","background-position":"center center","background-size":"auto","background-attachment":"scroll","background-type":"","background-media":"","overlay-type":"","overlay-color":"","overlay-opacity":"","overlay-gradient":""},"mobile":{"background-color":"var(--ast-global-color-5)","background-image":"","background-repeat":"repeat","background-position":"center center","background-size":"auto","background-attachment":"scroll","background-type":"","background-media":"","overlay-type":"","overlay-color":"","overlay-opacity":"","overlay-gradient":""}},"footnotes":""},"class_list":["post-31","page","type-page","status-publish","hentry"],"yoast_head":"<!-- This site is optimized with the Yoast SEO plugin v27.4 - https:\/\/yoast.com\/product\/yoast-seo-wordpress\/ -->\n<title>About Us - NARDO<\/title>\n<meta name=\"robots\" content=\"index, follow, max-snippet:-1, max-image-preview:large, max-video-preview:-1\" \/>\n<link rel=\"canonical\" href=\"https:\/\/nardoboats.com\/en\/about-us\/\" \/>\n<meta property=\"og:locale\" content=\"en_GB\" \/>\n<meta property=\"og:type\" content=\"article\" \/>\n<meta property=\"og:title\" content=\"About Us - NARDO\" \/>\n<meta property=\"og:description\" content=\"NARDO BOATS Nasza stocznia \u0142\u0105czy \u015bwietny design z ponad dziesi\u0119cioletnim do\u015bwiadczeniem w bran\u017cy \u0142odzi motorowych. Wnosimy bogactwo do\u015bwiadczenia i g\u0142\u0119bokie zrozumienie tego, co jest potrzebne do budowy wyj\u0105tkowych \u0142odzi motorowych. Podstaw\u0105 naszego podej\u015bcia jest zaanga\u017cowanie w jako\u015b\u0107 i precyzj\u0119. Ka\u017cda \u0142\u00f3d\u017a jest wykonana z najwy\u017csz\u0105 staranno\u015bci\u0105, wysokiej jako\u015bci technologi\u0105 infuzji, aby zapewni\u0107 trwa\u0142o\u015b\u0107, wydajno\u015b\u0107 oraz [&hellip;]\" \/>\n<meta property=\"og:url\" content=\"https:\/\/nardoboats.com\/en\/about-us\/\" \/>\n<meta property=\"og:site_name\" content=\"NARDO\" \/>\n<meta property=\"article:publisher\" content=\"https:\/\/www.facebook.com\/nardoboats\/\" \/>\n<meta property=\"article:modified_time\" content=\"2025-07-21T09:00:54+00:00\" \/>\n<meta property=\"og:image\" content=\"https:\/\/nardoboats.com\/wp-content\/uploads\/2025\/03\/IMG_20230701_150102-1024x512.png\" \/>\n\t<meta property=\"og:image:width\" content=\"1024\" \/>\n\t<meta property=\"og:image:height\" content=\"512\" \/>\n\t<meta property=\"og:image:type\" content=\"image\/png\" \/>\n<meta name=\"twitter:card\" content=\"summary_large_image\" \/>\n<meta name=\"twitter:label1\" content=\"Estimated reading time\" \/>\n\t<meta name=\"twitter:data1\" content=\"1 minute\" \/>\n<script type=\"application\/ld+json\" class=\"yoast-schema-graph\">{\"@context\":\"https:\\\/\\\/schema.org\",\"@graph\":[{\"@type\":\"WebPage\",\"@id\":\"https:\\\/\\\/nardoboats.com\\\/about-us\\\/\",\"url\":\"https:\\\/\\\/nardoboats.com\\\/about-us\\\/\",\"name\":\"About Us - NARDO\",\"isPartOf\":{\"@id\":\"https:\\\/\\\/nardoboats.com\\\/#website\"},\"primaryImageOfPage\":{\"@id\":\"https:\\\/\\\/nardoboats.com\\\/about-us\\\/#primaryimage\"},\"image\":{\"@id\":\"https:\\\/\\\/nardoboats.com\\\/about-us\\\/#primaryimage\"},\"thumbnailUrl\":\"https:\\\/\\\/nardoboats.com\\\/wp-content\\\/uploads\\\/2025\\\/03\\\/IMG_20230701_150102.png\",\"datePublished\":\"2025-01-11T19:45:03+00:00\",\"dateModified\":\"2025-07-21T09:00:54+00:00\",\"breadcrumb\":{\"@id\":\"https:\\\/\\\/nardoboats.com\\\/about-us\\\/#breadcrumb\"},\"inLanguage\":\"en-GB\",\"potentialAction\":[{\"@type\":\"ReadAction\",\"target\":[\"https:\\\/\\\/nardoboats.com\\\/about-us\\\/\"]}]},{\"@type\":\"ImageObject\",\"inLanguage\":\"en-GB\",\"@id\":\"https:\\\/\\\/nardoboats.com\\\/about-us\\\/#primaryimage\",\"url\":\"https:\\\/\\\/nardoboats.com\\\/wp-content\\\/uploads\\\/2025\\\/03\\\/IMG_20230701_150102.png\",\"contentUrl\":\"https:\\\/\\\/nardoboats.com\\\/wp-content\\\/uploads\\\/2025\\\/03\\\/IMG_20230701_150102.png\"},{\"@type\":\"BreadcrumbList\",\"@id\":\"https:\\\/\\\/nardoboats.com\\\/about-us\\\/#breadcrumb\",\"itemListElement\":[{\"@type\":\"ListItem\",\"position\":1,\"name\":\"Home\",\"item\":\"https:\\\/\\\/nardoboats.com\\\/\"},{\"@type\":\"ListItem\",\"position\":2,\"name\":\"About Us\"}]},{\"@type\":\"WebSite\",\"@id\":\"https:\\\/\\\/nardoboats.com\\\/#website\",\"url\":\"https:\\\/\\\/nardoboats.com\\\/\",\"name\":\"NARDO BOATS\",\"description\":\"FELL THE NARDO\",\"publisher\":{\"@id\":\"https:\\\/\\\/nardoboats.com\\\/#organization\"},\"potentialAction\":[{\"@type\":\"SearchAction\",\"target\":{\"@type\":\"EntryPoint\",\"urlTemplate\":\"https:\\\/\\\/nardoboats.com\\\/?s={search_term_string}\"},\"query-input\":{\"@type\":\"PropertyValueSpecification\",\"valueRequired\":true,\"valueName\":\"search_term_string\"}}],\"inLanguage\":\"en-GB\"},{\"@type\":\"Organization\",\"@id\":\"https:\\\/\\\/nardoboats.com\\\/#organization\",\"name\":\"NARDO BOATS Sp. z o.o.\",\"url\":\"https:\\\/\\\/nardoboats.com\\\/\",\"logo\":{\"@type\":\"ImageObject\",\"inLanguage\":\"en-GB\",\"@id\":\"https:\\\/\\\/nardoboats.com\\\/#\\\/schema\\\/logo\\\/image\\\/\",\"url\":\"https:\\\/\\\/nardoboats.com\\\/wp-content\\\/uploads\\\/2025\\\/01\\\/cropped-Logo-witrynygif-1.gif\",\"contentUrl\":\"https:\\\/\\\/nardoboats.com\\\/wp-content\\\/uploads\\\/2025\\\/01\\\/cropped-Logo-witrynygif-1.gif\",\"width\":512,\"height\":512,\"caption\":\"NARDO BOATS Sp. z o.o.\"},\"image\":{\"@id\":\"https:\\\/\\\/nardoboats.com\\\/#\\\/schema\\\/logo\\\/image\\\/\"},\"sameAs\":[\"https:\\\/\\\/www.facebook.com\\\/nardoboats\\\/\",\"https:\\\/\\\/www.instagram.com\\\/nardoboats\\\/\"]}]}<\/script>\n<!-- \/ Yoast SEO plugin. -->","yoast_head_json":{"title":"About Us - NARDO","robots":{"index":"index","follow":"follow","max-snippet":"max-snippet:-1","max-image-preview":"max-image-preview:large","max-video-preview":"max-video-preview:-1"},"canonical":"https:\/\/nardoboats.com\/en\/about-us\/","og_locale":"en_GB","og_type":"article","og_title":"About Us - NARDO","og_description":"NARDO BOATS Nasza stocznia \u0142\u0105czy \u015bwietny design z ponad dziesi\u0119cioletnim do\u015bwiadczeniem w bran\u017cy \u0142odzi motorowych. Wnosimy bogactwo do\u015bwiadczenia i g\u0142\u0119bokie zrozumienie tego, co jest potrzebne do budowy wyj\u0105tkowych \u0142odzi motorowych. Podstaw\u0105 naszego podej\u015bcia jest zaanga\u017cowanie w jako\u015b\u0107 i precyzj\u0119. Ka\u017cda \u0142\u00f3d\u017a jest wykonana z najwy\u017csz\u0105 staranno\u015bci\u0105, wysokiej jako\u015bci technologi\u0105 infuzji, aby zapewni\u0107 trwa\u0142o\u015b\u0107, wydajno\u015b\u0107 oraz [&hellip;]","og_url":"https:\/\/nardoboats.com\/en\/about-us\/","og_site_name":"NARDO","article_publisher":"https:\/\/www.facebook.com\/nardoboats\/","article_modified_time":"2025-07-21T09:00:54+00:00","og_image":[{"width":1024,"height":512,"url":"https:\/\/nardoboats.com\/wp-content\/uploads\/2025\/03\/IMG_20230701_150102-1024x512.png","type":"image\/png"}],"twitter_card":"summary_large_image","twitter_misc":{"Estimated reading time":"1 minute"},"schema":{"@context":"https:\/\/schema.org","@graph":[{"@type":"WebPage","@id":"https:\/\/nardoboats.com\/about-us\/","url":"https:\/\/nardoboats.com\/about-us\/","name":"About Us - NARDO","isPartOf":{"@id":"https:\/\/nardoboats.com\/#website"},"primaryImageOfPage":{"@id":"https:\/\/nardoboats.com\/about-us\/#primaryimage"},"image":{"@id":"https:\/\/nardoboats.com\/about-us\/#primaryimage"},"thumbnailUrl":"https:\/\/nardoboats.com\/wp-content\/uploads\/2025\/03\/IMG_20230701_150102.png","datePublished":"2025-01-11T19:45:03+00:00","dateModified":"2025-07-21T09:00:54+00:00","breadcrumb":{"@id":"https:\/\/nardoboats.com\/about-us\/#breadcrumb"},"inLanguage":"en-GB","potentialAction":[{"@type":"ReadAction","target":["https:\/\/nardoboats.com\/about-us\/"]}]},{"@type":"ImageObject","inLanguage":"en-GB","@id":"https:\/\/nardoboats.com\/about-us\/#primaryimage","url":"https:\/\/nardoboats.com\/wp-content\/uploads\/2025\/03\/IMG_20230701_150102.png","contentUrl":"https:\/\/nardoboats.com\/wp-content\/uploads\/2025\/03\/IMG_20230701_150102.png"},{"@type":"BreadcrumbList","@id":"https:\/\/nardoboats.com\/about-us\/#breadcrumb","itemListElement":[{"@type":"ListItem","position":1,"name":"Home","item":"https:\/\/nardoboats.com\/"},{"@type":"ListItem","position":2,"name":"About Us"}]},{"@type":"WebSite","@id":"https:\/\/nardoboats.com\/#website","url":"https:\/\/nardoboats.com\/","name":"NARDO BOATS","description":"FELL THE NARDO","publisher":{"@id":"https:\/\/nardoboats.com\/#organization"},"potentialAction":[{"@type":"SearchAction","target":{"@type":"EntryPoint","urlTemplate":"https:\/\/nardoboats.com\/?s={search_term_string}"},"query-input":{"@type":"PropertyValueSpecification","valueRequired":true,"valueName":"search_term_string"}}],"inLanguage":"en-GB"},{"@type":"Organization","@id":"https:\/\/nardoboats.com\/#organization","name":"NARDO BOATS Sp. z o.o.","url":"https:\/\/nardoboats.com\/","logo":{"@type":"ImageObject","inLanguage":"en-GB","@id":"https:\/\/nardoboats.com\/#\/schema\/logo\/image\/","url":"https:\/\/nardoboats.com\/wp-content\/uploads\/2025\/01\/cropped-Logo-witrynygif-1.gif","contentUrl":"https:\/\/nardoboats.com\/wp-content\/uploads\/2025\/01\/cropped-Logo-witrynygif-1.gif","width":512,"height":512,"caption":"NARDO BOATS Sp. z o.o."},"image":{"@id":"https:\/\/nardoboats.com\/#\/schema\/logo\/image\/"},"sameAs":["https:\/\/www.facebook.com\/nardoboats\/","https:\/\/www.instagram.com\/nardoboats\/"]}]}},"_links":{"self":[{"href":"https:\/\/nardoboats.com\/en\/wp-json\/wp\/v2\/pages\/31","targetHints":{"allow":["GET"]}}],"collection":[{"href":"https:\/\/nardoboats.com\/en\/wp-json\/wp\/v2\/pages"}],"about":[{"href":"https:\/\/nardoboats.com\/en\/wp-json\/wp\/v2\/types\/page"}],"author":[{"embeddable":true,"href":"https:\/\/nardoboats.com\/en\/wp-json\/wp\/v2\/users\/1"}],"replies":[{"embeddable":true,"href":"https:\/\/nardoboats.com\/en\/wp-json\/wp\/v2\/comments?post=31"}],"version-history":[{"count":365,"href":"https:\/\/nardoboats.com\/en\/wp-json\/wp\/v2\/pages\/31\/revisions"}],"predecessor-version":[{"id":11383,"href":"https:\/\/nardoboats.com\/en\/wp-json\/wp\/v2\/pages\/31\/revisions\/11383"}],"wp:attachment":[{"href":"https:\/\/nardoboats.com\/en\/wp-json\/wp\/v2\/media?parent=31"}],"curies":[{"name":"wp","href":"https:\/\/api.w.org\/{rel}","templated":true}]}}